{"id":101,"date":"2024-11-18T13:10:35","date_gmt":"2024-11-18T13:10:35","guid":{"rendered":"https:\/\/tiendaultramarina.com\/?post_type=product&#038;p=101"},"modified":"2025-07-08T18:02:45","modified_gmt":"2025-07-08T18:02:45","slug":"con-la-hiel-en-los-labios-de-lola-lopez-martin","status":"publish","type":"product","link":"https:\/\/tiendaultramarina.com\/index.php\/producto\/con-la-hiel-en-los-labios-de-lola-lopez-martin\/","title":{"rendered":"Con la hiel en los labios de Lola L\u00f3pez Mart\u00edn"},"content":{"rendered":"<p><span data-sheets-root=\"1\">Lola L\u00f3pez Mart\u00edn (Espa\u00f1a, diciembre de 1975) es docente de Lengua Castellana y Literatura, Doctora en Literatura Espa\u00f1ola e Hispanoamericana por la Universidad Aut\u00f3noma de Madrid, con una tesis en espa\u00f1ol e italiano por la que obtuvo el t\u00edtulo de Doctorado Europeo y adem\u00e1s el Premio Extraordinario Doctor.<br \/>\nObtuvo el Diploma de Formaci\u00f3n Superior en Desarrollo de Proyectos Editoriales por la uam. Ha trabajado de editora para la Real Academia Espa\u00f1ola (proyecto corde, Instituto de Lexicograf\u00eda) y el Instituto de Ingenier\u00eda del Conocimiento en Madrid. Ha vivido en Italia y en Holanda, donde ejerci\u00f3 como docente de espa\u00f1ol en el Collegio Universitario Lamaro\u2013Pozzani de Roma, en el Instituto Cervantes de Utrecht y en la Erasmus Universiteit de Rotterdam. Tambi\u00e9n ha sido profesora de ele y de Comunicaci\u00f3n Oral y Escrita en la Universidad Alfonso X El Sabio.<\/span><\/p>\n","protected":false},"excerpt":{"rendered":"<p><span data-sheets-root=\"1\">En cuanto le\u00ed Con la hiel en los labios pens\u00e9 que era un libro excelente, cargado de emoci\u00f3n, de fuerza expresiva, fresco y novedoso. Este poemario de Lola L\u00f3pez Mart\u00edn integra visualmente texto e imagen en un \u00fanico elemento, logrando la unidad en cada poema, sin artificios, con una especial sutileza y de una particular belleza. Cada imagen juega con la mirada desde un profundo sentido cr\u00edtico, alcanzando la integridad y el lirismo. Se trata de un trabajo riguroso, muy rico en recursos expresivos que, a la vez, palpa varios palos de la poes\u00eda discursiva y la poes\u00eda experimental. En definitiva, se trata de un poemario cr\u00edtico, original, cargado de sensibilidad y esperanza entre los espinosos devenires de la vida actual.<\/p>\n<p>RAIMON BLU<\/span><\/p>\n","protected":false},"featured_media":102,"comment_status":"open","ping_status":"closed","template":"","meta":[],"product_brand":[],"product_cat":[21],"product_tag":[],"class_list":{"0":"post-101","1":"product","2":"type-product","3":"status-publish","4":"has-post-thumbnail","6":"product_cat-poesia-ultramarina","8":"first","9":"instock","10":"shipping-taxable","11":"purchasable","12":"product-type-simple"},"_links":{"self":[{"href":"https:\/\/tiendaultramarina.com\/index.php\/wp-json\/wp\/v2\/product\/101","targetHints":{"allow":["GET"]}}],"collection":[{"href":"https:\/\/tiendaultramarina.com\/index.php\/wp-json\/wp\/v2\/product"}],"about":[{"href":"https:\/\/tiendaultramarina.com\/index.php\/wp-json\/wp\/v2\/types\/product"}],"replies":[{"embeddable":true,"href":"https:\/\/tiendaultramarina.com\/index.php\/wp-json\/wp\/v2\/comments?post=101"}],"wp:featuredmedia":[{"embeddable":true,"href":"https:\/\/tiendaultramarina.com\/index.php\/wp-json\/wp\/v2\/media\/102"}],"wp:attachment":[{"href":"https:\/\/tiendaultramarina.com\/index.php\/wp-json\/wp\/v2\/media?parent=101"}],"wp:term":[{"taxonomy":"product_brand","embeddable":true,"href":"https:\/\/tiendaultramarina.com\/index.php\/wp-json\/wp\/v2\/product_brand?post=101"},{"taxonomy":"product_cat","embeddable":true,"href":"https:\/\/tiendaultramarina.com\/index.php\/wp-json\/wp\/v2\/product_cat?post=101"},{"taxonomy":"product_tag","embeddable":true,"href":"https:\/\/tiendaultramarina.com\/index.php\/wp-json\/wp\/v2\/product_tag?post=101"}],"curies":[{"name":"wp","href":"https:\/\/api.w.org\/{rel}","templated":true}]}}