{"id":103,"date":"2024-11-18T13:14:48","date_gmt":"2024-11-18T13:14:48","guid":{"rendered":"https:\/\/tiendaultramarina.com\/?post_type=product&#038;p=103"},"modified":"2025-07-08T18:00:24","modified_gmt":"2025-07-08T18:00:24","slug":"quarks-de-oscar-pirot","status":"publish","type":"product","link":"https:\/\/tiendaultramarina.com\/index.php\/producto\/quarks-de-oscar-pirot\/","title":{"rendered":"Quarks de \u00d3scar Pirot"},"content":{"rendered":"<p><span data-sheets-root=\"1\">Oscar Pirot: conjunto de part\u00edculas conformado en 1979 en Ciudad de M\u00e9xico. Es Doctor en Literatura Hispanoamericana por la Universidad Complutense. Sus neutrones se han cristalizado en los poemarios Memoria del agua (2005), Bestimenta 2011 y 2016), Luz anfibia (2012) y El ej\u00e9rcito ha huido (2019). Ha participado en protones colectivos como el libro de ensayos sobre Juan Rulfo El muerto era yo (2013), el libro-objeto Hypnerotomaquia (edici\u00f3n de autor, 2017) y la antolog\u00eda Ida Vitale en la UCM (2019). Parte de su obra parece recogida en diversas membranas antol\u00f3gicas. Reside en el n\u00facleo at\u00f3mico de Madrid y es miembro del colectivo cu\u00e1ntico Lavarca Ebria. Quarks es su quinto constituyente po\u00e9tico. <\/span><\/p>\n","protected":false},"excerpt":{"rendered":"<p><span data-sheets-root=\"1\">\u00bfAstillas verbales, polvo en suspensi\u00f3n, ceniza esparcida en el aire de la p\u00e1gina? Teniendo como punto de partida el espectro afor\u00edstico, Quarks despliega su microcosmos a trav\u00e9s de part\u00edculas de tinta que nos convidan de su fulgor. Cada fragmento relumbra como si de un fantasma diminuto se tratara, una breve aparici\u00f3n marcada por el sello de la discontinuidad y de la inanici\u00f3n discursiva. Si, como dijeraNietzsche, el fin \u00faltimo del aforismo es convertir al lector en un rumiante, este libro va encaminado hacia tal prop\u00f3sito: el de hacer que cada quark palpite entre los labios y persista en su constante degluci\u00f3n.<\/span><\/p>\n","protected":false},"featured_media":104,"comment_status":"open","ping_status":"closed","template":"","meta":[],"product_brand":[],"product_cat":[16],"product_tag":[],"class_list":{"0":"post-103","1":"product","2":"type-product","3":"status-publish","4":"has-post-thumbnail","6":"product_cat-mexico-ultramarino","8":"first","9":"instock","10":"shipping-taxable","11":"purchasable","12":"product-type-simple"},"_links":{"self":[{"href":"https:\/\/tiendaultramarina.com\/index.php\/wp-json\/wp\/v2\/product\/103","targetHints":{"allow":["GET"]}}],"collection":[{"href":"https:\/\/tiendaultramarina.com\/index.php\/wp-json\/wp\/v2\/product"}],"about":[{"href":"https:\/\/tiendaultramarina.com\/index.php\/wp-json\/wp\/v2\/types\/product"}],"replies":[{"embeddable":true,"href":"https:\/\/tiendaultramarina.com\/index.php\/wp-json\/wp\/v2\/comments?post=103"}],"wp:featuredmedia":[{"embeddable":true,"href":"https:\/\/tiendaultramarina.com\/index.php\/wp-json\/wp\/v2\/media\/104"}],"wp:attachment":[{"href":"https:\/\/tiendaultramarina.com\/index.php\/wp-json\/wp\/v2\/media?parent=103"}],"wp:term":[{"taxonomy":"product_brand","embeddable":true,"href":"https:\/\/tiendaultramarina.com\/index.php\/wp-json\/wp\/v2\/product_brand?post=103"},{"taxonomy":"product_cat","embeddable":true,"href":"https:\/\/tiendaultramarina.com\/index.php\/wp-json\/wp\/v2\/product_cat?post=103"},{"taxonomy":"product_tag","embeddable":true,"href":"https:\/\/tiendaultramarina.com\/index.php\/wp-json\/wp\/v2\/product_tag?post=103"}],"curies":[{"name":"wp","href":"https:\/\/api.w.org\/{rel}","templated":true}]}}