{"id":108,"date":"2024-11-18T13:23:06","date_gmt":"2024-11-18T13:23:06","guid":{"rendered":"https:\/\/tiendaultramarina.com\/?post_type=product&#038;p=108"},"modified":"2025-07-08T17:59:33","modified_gmt":"2025-07-08T17:59:33","slug":"salero-de-entrepierna-de-quinny-martinez-hernandez","status":"publish","type":"product","link":"https:\/\/tiendaultramarina.com\/index.php\/producto\/salero-de-entrepierna-de-quinny-martinez-hernandez\/","title":{"rendered":"Salero de entrepierna de Quinny Mart\u00ednez Hern\u00e1ndez"},"content":{"rendered":"<p><span data-sheets-root=\"1\">Quinny Mart\u00ednez Hern\u00e1ndez, 1979. Raizal, afrocolombiana, del archipi\u00e9lago de San<br \/>\nAndr\u00e9s, Providencia y Santa Catalina. Periodista, diplomada en cultura, medios<br \/>\ncomunitarios, opini\u00f3n p\u00fablica y participaci\u00f3n ciudadana. Poeta, repentista,<br \/>\ncreadora y editora del proyecto para escritores emergentes, Plataforma Cero y<br \/>\ndel taller de escritura itinerante Hologramas. Autora de los poemarios \u201cUmami,<br \/>\nun coraz\u00f3n erotizado\u201d (diversidad literaria 2020); \u201cLas prostitutas de<br \/>\nmi imaginario\u201d (El ojo de Poe 2022).<br \/>\n<\/span><\/p>\n","protected":false},"excerpt":{"rendered":"<div class=\"page\" title=\"Page 1\">\n<div class=\"section\">\n<div class=\"layoutArea\">\n<div class=\"column\">\n<p>A la prolongada, vehemente, antino\u0301mica y siempre fascinante hoguera de la poesi\u0301a escrita por mujeres, Quinny Marti\u0301nez no an\u0303ade ni carbo\u0301n ni len\u0303a ni flores ni hombres: An\u0303ade agua, el u\u0301nico elemento que en verdad le faltaba, agua polise\u0301mica, agua en abundancia, agua que a un tiempo la rodea (Como la isla colombiana que la vio nacer) y la rebosa (Como el li\u0301quido ba\u0301sico de todos los humores del cuerpo y de la naturaleza), agua vegetal \u2013la savia-, agua animal \u2013la rabia-, agua mineral que extingue el fuego primigenio incendiando otro, uno nuevo y diverso, cuyo co\u0301digo de iniciacio\u0301n, amplio y maduro, nos regala en e\u0301ste, su segundo volumen de poemas ero\u0301ticos Salero de entrepierna.<\/p>\n<p>&#8230;todo esta\u0301 hecho de agua, (&#8230;)<br \/>\nAferrados al Monzo\u0301n de estos cuerpos,&#8230;<\/p>\n<p>ALEJANDRO RABELO GARCI\u0301A<\/p>\n<\/div>\n<\/div>\n<\/div>\n<\/div>\n","protected":false},"featured_media":109,"comment_status":"open","ping_status":"closed","template":"","meta":[],"product_brand":[],"product_cat":[21],"product_tag":[],"class_list":{"0":"post-108","1":"product","2":"type-product","3":"status-publish","4":"has-post-thumbnail","6":"product_cat-poesia-ultramarina","8":"first","9":"instock","10":"shipping-taxable","11":"purchasable","12":"product-type-simple"},"_links":{"self":[{"href":"https:\/\/tiendaultramarina.com\/index.php\/wp-json\/wp\/v2\/product\/108","targetHints":{"allow":["GET"]}}],"collection":[{"href":"https:\/\/tiendaultramarina.com\/index.php\/wp-json\/wp\/v2\/product"}],"about":[{"href":"https:\/\/tiendaultramarina.com\/index.php\/wp-json\/wp\/v2\/types\/product"}],"replies":[{"embeddable":true,"href":"https:\/\/tiendaultramarina.com\/index.php\/wp-json\/wp\/v2\/comments?post=108"}],"wp:featuredmedia":[{"embeddable":true,"href":"https:\/\/tiendaultramarina.com\/index.php\/wp-json\/wp\/v2\/media\/109"}],"wp:attachment":[{"href":"https:\/\/tiendaultramarina.com\/index.php\/wp-json\/wp\/v2\/media?parent=108"}],"wp:term":[{"taxonomy":"product_brand","embeddable":true,"href":"https:\/\/tiendaultramarina.com\/index.php\/wp-json\/wp\/v2\/product_brand?post=108"},{"taxonomy":"product_cat","embeddable":true,"href":"https:\/\/tiendaultramarina.com\/index.php\/wp-json\/wp\/v2\/product_cat?post=108"},{"taxonomy":"product_tag","embeddable":true,"href":"https:\/\/tiendaultramarina.com\/index.php\/wp-json\/wp\/v2\/product_tag?post=108"}],"curies":[{"name":"wp","href":"https:\/\/api.w.org\/{rel}","templated":true}]}}