{"id":114,"date":"2024-11-18T13:34:02","date_gmt":"2024-11-18T13:34:02","guid":{"rendered":"https:\/\/tiendaultramarina.com\/?post_type=product&#038;p=114"},"modified":"2025-07-08T17:44:36","modified_gmt":"2025-07-08T17:44:36","slug":"constelaciones-imaginarias-de-daniela-lomartti","status":"publish","type":"product","link":"https:\/\/tiendaultramarina.com\/index.php\/producto\/constelaciones-imaginarias-de-daniela-lomartti\/","title":{"rendered":"Constelaciones Imaginarias de Daniela Lomartti"},"content":{"rendered":"<p><span data-sheets-root=\"1\">(Ciudad de M\u00e9xico, 1992). Es Maestra en Humanidades por la Universidad Aut\u00f3noma Metropolitana Unidad Iztapalapa. Escribe narrativa, poes\u00eda, aforismo y ensayos acad\u00e9micos. Es docente, mediadora de lectura y tallerista. Ha publicado diversos relatos de ciencia ficci\u00f3n, terror y g\u00e9nero fant\u00e1stico en revistas digitales, antolog\u00edas nacionales y extranjeras. Ha participado como ponente en distintos congresos de filosof\u00eda, sociolog\u00eda y literatura en diversas universidades de M\u00e9xico, entre las cuales destacan: la UNAM, UAM- Lerma y UAMIztapalapa, UACM, Universidad de la Ci\u00e9nega del Estado de Michoac\u00e1n y la BUAP. Es directora, editora y community manager de la revista mexicana de ficci\u00f3n especulativa Anapoyesis: Literatura, Arte y Cultura y coordinadora editorial y fundadora de la revista de Ciencias Sociales, Humanidades y Arte Encrucijadas filos\u00f3ficas. Fue presidenta y jurado en el I Premio Internacional de Cuento Breve de Ciencia Ficci\u00f3n \u00abConstrucci\u00f3n de Universos Posibles\u00bb, organizado por la revista literaria que dirige. Particip\u00f3 como jurado en la Convocatoria \u00abM\u00e1quinas de futuros\u00bb organizada por la Universidad Aut\u00f3noma del Estado de Morelos a trav\u00e9s de la Direcci\u00f3n de Publicaciones y Divulgaci\u00f3n y la revista V\u00f3rtice. Recientemente public\u00f3 su primer libro de cuentos Cartograf\u00eda de la imaginaci\u00f3n bajo el sello editorial de Omicr\u00f3n Books, Ecuador, 2023.<\/span><\/p>\n","protected":false},"excerpt":{"rendered":"<p><span data-sheets-root=\"1\">\u00abEn este libro encontrar\u00e1s veinti\u00fan muestras rotundas de la plenitud creadora que alcanzan los textos de su autora, siendo de tal modo que Daniela Lomartti ha alcanzado la madurez suficiente como para abrir nuevos caminos con relatos que son una fiesta de la imaginaci\u00f3n, de la pasi\u00f3n y la inteligencia. Es as\u00ed que el resultado final de la cuent\u00edstica de Lomartti es una poderosa literatura de precisi\u00f3n, que nos lleva de la mano por los l\u00edmites de la ciencia ficci\u00f3n y la fantas\u00eda\u00bb.<br \/>\nJorge Guerrero de la Torre<\/span><\/p>\n","protected":false},"featured_media":115,"comment_status":"open","ping_status":"closed","template":"","meta":[],"product_brand":[],"product_cat":[23],"product_tag":[],"class_list":{"0":"post-114","1":"product","2":"type-product","3":"status-publish","4":"has-post-thumbnail","6":"product_cat-ficciones-de-ultramar","8":"first","9":"instock","10":"shipping-taxable","11":"purchasable","12":"product-type-simple"},"_links":{"self":[{"href":"https:\/\/tiendaultramarina.com\/index.php\/wp-json\/wp\/v2\/product\/114","targetHints":{"allow":["GET"]}}],"collection":[{"href":"https:\/\/tiendaultramarina.com\/index.php\/wp-json\/wp\/v2\/product"}],"about":[{"href":"https:\/\/tiendaultramarina.com\/index.php\/wp-json\/wp\/v2\/types\/product"}],"replies":[{"embeddable":true,"href":"https:\/\/tiendaultramarina.com\/index.php\/wp-json\/wp\/v2\/comments?post=114"}],"wp:featuredmedia":[{"embeddable":true,"href":"https:\/\/tiendaultramarina.com\/index.php\/wp-json\/wp\/v2\/media\/115"}],"wp:attachment":[{"href":"https:\/\/tiendaultramarina.com\/index.php\/wp-json\/wp\/v2\/media?parent=114"}],"wp:term":[{"taxonomy":"product_brand","embeddable":true,"href":"https:\/\/tiendaultramarina.com\/index.php\/wp-json\/wp\/v2\/product_brand?post=114"},{"taxonomy":"product_cat","embeddable":true,"href":"https:\/\/tiendaultramarina.com\/index.php\/wp-json\/wp\/v2\/product_cat?post=114"},{"taxonomy":"product_tag","embeddable":true,"href":"https:\/\/tiendaultramarina.com\/index.php\/wp-json\/wp\/v2\/product_tag?post=114"}],"curies":[{"name":"wp","href":"https:\/\/api.w.org\/{rel}","templated":true}]}}