{"id":116,"date":"2024-11-18T13:36:58","date_gmt":"2024-11-18T13:36:58","guid":{"rendered":"https:\/\/tiendaultramarina.com\/?post_type=product&#038;p=116"},"modified":"2025-07-08T17:44:06","modified_gmt":"2025-07-08T17:44:06","slug":"todo-se-parece-a-tu-historia-de-armando-aguero","status":"publish","type":"product","link":"https:\/\/tiendaultramarina.com\/index.php\/producto\/todo-se-parece-a-tu-historia-de-armando-aguero\/","title":{"rendered":"Todo se parece a tu historia de Armando Ag\u00fbero"},"content":{"rendered":"<p><span data-sheets-root=\"1\">De origen peruano (San Luis, 1966), vive en Sevilla desde el 2001. Se form\u00f3 en Derecho y CC. PP en su pa\u00eds. En la \u00e9poca universitaria intensific\u00f3 su actividad po\u00e9tica. Fue cofundador del grupo po\u00e9tico Mural y se sum\u00f3 por un tiempo al grupo Noble Katerba con los que realiz\u00f3 una intensa actividad literaria. Obtuvo una acc\u00e9sit en el concurso nacional de poes\u00eda \u00abEl poeta Joven de Per\u00fa de 1990\u00bb con un poemario titulado Raqa, todo se parece a tu historia, (Raqa es un t\u00e9rmino quechua que ignifica casa en ruinas). Tiene publicados poemas en revistas culturales y forma parte de la revista po\u00e9tica Persistencia vital, del grupo Noble Katerba. Actualmente trabaja como abogado del Servicio Jesuita a Migrantes en Claver Sevilla y ha retomado la actividad po\u00e9tica, especialmente desde la pandemia. Cuenta con varios poemarios in\u00e9ditos.<\/span><\/p>\n","protected":false},"excerpt":{"rendered":"<p><span data-sheets-root=\"1\">La poes\u00eda es una evocaci\u00f3n, pero tambi\u00e9n es el testimonio de un tiempo, de un contexto que puede ser atravesado por la paz o por la guerra. Estos son algunos de los ejes por los que transcurre el poemario Raqa, todo se parece a tu historia de Armando Ag\u00fcero, quien fue merecedor de una Menci\u00f3n Honrosa en el m\u00edtico concurso \u201cEl Poeta Joven del Per\u00fa\u201d en 1990. Por la poes\u00eda de Ag\u00fcero circulan el poncho y la chicha, palabras que nos recuerdan sus or\u00edgenes. Y por otro lado, las figuras de la lluvia y la neblina sirven como elementos catalizadores de la nostalgia, del pasado sangriento en el que fue escrito este libro, un pasado que sigue persiguiendo a la sociedad peruana porque no hubo tiempo de reconciliaci\u00f3n, ya que no puede existir el abrazo si primero no se condena a los asesinos y se dice abiertamente que el Estado peruano cometi\u00f3 cr\u00edmenes horripilantes. Sin embargo, esta historia es contada a trav\u00e9s de una po\u00e9tica propia:<br \/>\nEra invierno, el sol promet\u00eda visitas continuas<br \/>\nlos hombres armados vigilaban que nadie se robe<br \/>\nel sue\u00f1o de las piedras que dorm\u00edan todo el santo d\u00eda,<br \/>\nlas casas llenas de gente entre tazas de caf\u00e9<br \/>\npara el insomnio, mientras las chulpas<br \/>\nquedaban vac\u00edas, saqueadas por los buscadores de oro<\/span><\/p>\n","protected":false},"featured_media":117,"comment_status":"open","ping_status":"closed","template":"","meta":[],"product_brand":[],"product_cat":[21],"product_tag":[],"class_list":{"0":"post-116","1":"product","2":"type-product","3":"status-publish","4":"has-post-thumbnail","6":"product_cat-poesia-ultramarina","8":"first","9":"instock","10":"shipping-taxable","11":"purchasable","12":"product-type-simple"},"_links":{"self":[{"href":"https:\/\/tiendaultramarina.com\/index.php\/wp-json\/wp\/v2\/product\/116","targetHints":{"allow":["GET"]}}],"collection":[{"href":"https:\/\/tiendaultramarina.com\/index.php\/wp-json\/wp\/v2\/product"}],"about":[{"href":"https:\/\/tiendaultramarina.com\/index.php\/wp-json\/wp\/v2\/types\/product"}],"replies":[{"embeddable":true,"href":"https:\/\/tiendaultramarina.com\/index.php\/wp-json\/wp\/v2\/comments?post=116"}],"wp:featuredmedia":[{"embeddable":true,"href":"https:\/\/tiendaultramarina.com\/index.php\/wp-json\/wp\/v2\/media\/117"}],"wp:attachment":[{"href":"https:\/\/tiendaultramarina.com\/index.php\/wp-json\/wp\/v2\/media?parent=116"}],"wp:term":[{"taxonomy":"product_brand","embeddable":true,"href":"https:\/\/tiendaultramarina.com\/index.php\/wp-json\/wp\/v2\/product_brand?post=116"},{"taxonomy":"product_cat","embeddable":true,"href":"https:\/\/tiendaultramarina.com\/index.php\/wp-json\/wp\/v2\/product_cat?post=116"},{"taxonomy":"product_tag","embeddable":true,"href":"https:\/\/tiendaultramarina.com\/index.php\/wp-json\/wp\/v2\/product_tag?post=116"}],"curies":[{"name":"wp","href":"https:\/\/api.w.org\/{rel}","templated":true}]}}