{"id":143,"date":"2024-11-17T12:08:50","date_gmt":"2024-11-17T12:08:50","guid":{"rendered":"https:\/\/tiendaultramarina.com\/?post_type=product&#038;p=143"},"modified":"2025-07-08T18:08:14","modified_gmt":"2025-07-08T18:08:14","slug":"el-libro-de-las-maquinas-de-carlos-katan","status":"publish","type":"product","link":"https:\/\/tiendaultramarina.com\/index.php\/producto\/el-libro-de-las-maquinas-de-carlos-katan\/","title":{"rendered":"El libro de las m\u00e1quinas de Carlos Kat\u00e1n"},"content":{"rendered":"<p><span data-sheets-root=\"1\">Carlos Katan (Caracas, Venezuela). Licenciado en Filosof\u00eda por la Universidad Central de Venezuela. Poeta y editor. Sus textos han sido publicados en diferentes antolog\u00edas y medios digitales e impresos. Ganador del III concurso de poes\u00eda Lugar Com\u00fan \u2013 Embajada de Italia (Caracas \u2013 Venezuela &#8211; 2018). Public\u00f3 el libro Formas de la Aridez (Alliteration \u2013 2020). <\/span><\/p>\n","protected":false},"excerpt":{"rendered":"<p><span data-sheets-root=\"1\">Cuando nos arriesgamos a la lectura de El libro de las m\u00e1quinas, de Carlos Katan, una primera asociaci\u00f3n irrumpe fuertemente y de manera casi inevitable: pensamos que se trata de la fantas\u00eda paranoica de un sujeto cautivo, a lo Matrix, en las entra\u00f1as de un poderoso artefacto maqu\u00ednico que determina el pulso deseo y tiempo\u2013 de su estar en el mundo.<br \/>\nEl libro de las m\u00e1quinas de Carlos Katan se sumerge en la extrema inmanencia de lo monstruoso; pero no a trav\u00e9s de la fantas\u00eda paranoica del h\u00e9roe que se bate en duelo con la m\u00e1quina, sino mediante la creaci\u00f3n de un mundo que, a fuerza de ser escuchado y pensado po\u00e9ticamente, se materializa como concepci\u00f3n del s\u00ed mismo en tanto que monstruo: viviente contaminado por la m\u00e1quina en cuyas entra\u00f1as habita.<br \/>\nEleonora Croqu\u00e9r Pedr\u00f3n <\/span><\/p>\n","protected":false},"featured_media":144,"comment_status":"open","ping_status":"closed","template":"","meta":[],"product_brand":[],"product_cat":[20],"product_tag":[],"class_list":{"0":"post-143","1":"product","2":"type-product","3":"status-publish","4":"has-post-thumbnail","6":"product_cat-saltamontes","8":"first","9":"instock","10":"shipping-taxable","11":"purchasable","12":"product-type-simple"},"_links":{"self":[{"href":"https:\/\/tiendaultramarina.com\/index.php\/wp-json\/wp\/v2\/product\/143","targetHints":{"allow":["GET"]}}],"collection":[{"href":"https:\/\/tiendaultramarina.com\/index.php\/wp-json\/wp\/v2\/product"}],"about":[{"href":"https:\/\/tiendaultramarina.com\/index.php\/wp-json\/wp\/v2\/types\/product"}],"replies":[{"embeddable":true,"href":"https:\/\/tiendaultramarina.com\/index.php\/wp-json\/wp\/v2\/comments?post=143"}],"wp:featuredmedia":[{"embeddable":true,"href":"https:\/\/tiendaultramarina.com\/index.php\/wp-json\/wp\/v2\/media\/144"}],"wp:attachment":[{"href":"https:\/\/tiendaultramarina.com\/index.php\/wp-json\/wp\/v2\/media?parent=143"}],"wp:term":[{"taxonomy":"product_brand","embeddable":true,"href":"https:\/\/tiendaultramarina.com\/index.php\/wp-json\/wp\/v2\/product_brand?post=143"},{"taxonomy":"product_cat","embeddable":true,"href":"https:\/\/tiendaultramarina.com\/index.php\/wp-json\/wp\/v2\/product_cat?post=143"},{"taxonomy":"product_tag","embeddable":true,"href":"https:\/\/tiendaultramarina.com\/index.php\/wp-json\/wp\/v2\/product_tag?post=143"}],"curies":[{"name":"wp","href":"https:\/\/api.w.org\/{rel}","templated":true}]}}