{"id":167,"date":"2025-02-05T22:22:48","date_gmt":"2025-02-05T22:22:48","guid":{"rendered":"https:\/\/tiendaultramarina.com\/?post_type=product&#038;p=167"},"modified":"2025-02-05T22:22:48","modified_gmt":"2025-02-05T22:22:48","slug":"favelas-jose-miguel-navas","status":"publish","type":"product","link":"https:\/\/tiendaultramarina.com\/index.php\/producto\/favelas-jose-miguel-navas\/","title":{"rendered":"Favelas &#8211; Jos\u00e9 Miguel Navas"},"content":{"rendered":"","protected":false},"excerpt":{"rendered":"<p><span data-sheets-root=\"1\">Favelas puede ser el barrio pobre de una ciudad cualquiera, mugre, ruidosa, t\u00e1cita. Y tambi\u00e9n, la galer\u00eda de presencias fantasmales a partir de la cual Jos\u00e9 Miguel Navas desmonta su propia identidad de extranjero. \u00bfQu\u00e9 es ser un hombre?, \u00bfqu\u00e9 es ser una mujer?, se pregunt\u00f3 una vez un ni\u00f1o. A\u00f1os m\u00e1s tarde las preguntas cambiar\u00edan. Un hombre hu\u00e9rfano, exiliado, va en un tren y se interroga: qu\u00e9 es un pa\u00eds, qui\u00e9n soy.<\/p>\n<p>SOL LINARES<\/span><\/p>\n","protected":false},"featured_media":168,"comment_status":"open","ping_status":"closed","template":"","meta":[],"product_brand":[],"product_cat":[21],"product_tag":[],"class_list":{"0":"post-167","1":"product","2":"type-product","3":"status-publish","4":"has-post-thumbnail","6":"product_cat-poesia-ultramarina","8":"first","9":"instock","10":"shipping-taxable","11":"purchasable","12":"product-type-simple"},"_links":{"self":[{"href":"https:\/\/tiendaultramarina.com\/index.php\/wp-json\/wp\/v2\/product\/167","targetHints":{"allow":["GET"]}}],"collection":[{"href":"https:\/\/tiendaultramarina.com\/index.php\/wp-json\/wp\/v2\/product"}],"about":[{"href":"https:\/\/tiendaultramarina.com\/index.php\/wp-json\/wp\/v2\/types\/product"}],"replies":[{"embeddable":true,"href":"https:\/\/tiendaultramarina.com\/index.php\/wp-json\/wp\/v2\/comments?post=167"}],"wp:featuredmedia":[{"embeddable":true,"href":"https:\/\/tiendaultramarina.com\/index.php\/wp-json\/wp\/v2\/media\/168"}],"wp:attachment":[{"href":"https:\/\/tiendaultramarina.com\/index.php\/wp-json\/wp\/v2\/media?parent=167"}],"wp:term":[{"taxonomy":"product_brand","embeddable":true,"href":"https:\/\/tiendaultramarina.com\/index.php\/wp-json\/wp\/v2\/product_brand?post=167"},{"taxonomy":"product_cat","embeddable":true,"href":"https:\/\/tiendaultramarina.com\/index.php\/wp-json\/wp\/v2\/product_cat?post=167"},{"taxonomy":"product_tag","embeddable":true,"href":"https:\/\/tiendaultramarina.com\/index.php\/wp-json\/wp\/v2\/product_tag?post=167"}],"curies":[{"name":"wp","href":"https:\/\/api.w.org\/{rel}","templated":true}]}}