{"id":173,"date":"2025-03-19T23:17:20","date_gmt":"2025-03-19T23:17:20","guid":{"rendered":"https:\/\/tiendaultramarina.com\/?post_type=product&#038;p=173"},"modified":"2025-07-08T17:40:01","modified_gmt":"2025-07-08T17:40:01","slug":"era-hombre-era-mito-era-bestia-ivan-vergara","status":"publish","type":"product","link":"https:\/\/tiendaultramarina.com\/index.php\/producto\/era-hombre-era-mito-era-bestia-ivan-vergara\/","title":{"rendered":"Era Hombre Era Mito Era Bestia &#8211; Iv\u00e1n Vergara"},"content":{"rendered":"","protected":false},"excerpt":{"rendered":"<p>Traducci\u00f3n: <span data-sheets-root=\"1\">Jennifer Rathbun<\/span><\/p>\n<p><span data-sheets-root=\"1\">Este poemario busca comunicar la sexualidad, lo intelectual, lo sagrado y los sentimientos y, al mismo tiempo, alejarse del antropocentrismo, donde el poeta\/hombre es todo para que as\u00ed sea parte de un todo m\u00e1s amplio. No niega lo tecnol\u00f3gico, sino que lo abraza generando una cartograf\u00eda que nos lleva a seguir un orden, un camino. \u00c9ste es un poemario para atravesar la b\u00f3veda de nuestro tiempo, un libro m\u00edtico pero tambi\u00e9n social.<br \/>\nEn lo referente a la idea de la triada, el autor basa este formato en m\u00faltiples corrientes bajo la idea de creaci\u00f3n \u2013 construcci\u00f3n \u2013 destrucci\u00f3n.<br \/>\n<\/span><\/p>\n<p><span data-sheets-root=\"1\">Los poemas de Era Hombre Era Mito Era Bestia son esenciales y tel\u00faricos, y devuelven entre s\u00edmbolos la imagen de un ser humano de limites imprecisos, que nunca est\u00e1 lejos del animal. De las plantas o incluso de la arcilla. Iv\u00e1n Vergara formula unos versos prof\u00e9ticos que trascienden la identidad singular para hablar de lo que hay, agazapado, en el alma colectiva. Juan Frau.<\/p>\n<p><\/span><\/p>\n","protected":false},"featured_media":174,"comment_status":"open","ping_status":"closed","template":"","meta":[],"product_brand":[],"product_cat":[19],"product_tag":[],"class_list":{"0":"post-173","1":"product","2":"type-product","3":"status-publish","4":"has-post-thumbnail","6":"product_cat-bilingue-mar","8":"first","9":"instock","10":"shipping-taxable","11":"purchasable","12":"product-type-simple"},"_links":{"self":[{"href":"https:\/\/tiendaultramarina.com\/index.php\/wp-json\/wp\/v2\/product\/173","targetHints":{"allow":["GET"]}}],"collection":[{"href":"https:\/\/tiendaultramarina.com\/index.php\/wp-json\/wp\/v2\/product"}],"about":[{"href":"https:\/\/tiendaultramarina.com\/index.php\/wp-json\/wp\/v2\/types\/product"}],"replies":[{"embeddable":true,"href":"https:\/\/tiendaultramarina.com\/index.php\/wp-json\/wp\/v2\/comments?post=173"}],"wp:featuredmedia":[{"embeddable":true,"href":"https:\/\/tiendaultramarina.com\/index.php\/wp-json\/wp\/v2\/media\/174"}],"wp:attachment":[{"href":"https:\/\/tiendaultramarina.com\/index.php\/wp-json\/wp\/v2\/media?parent=173"}],"wp:term":[{"taxonomy":"product_brand","embeddable":true,"href":"https:\/\/tiendaultramarina.com\/index.php\/wp-json\/wp\/v2\/product_brand?post=173"},{"taxonomy":"product_cat","embeddable":true,"href":"https:\/\/tiendaultramarina.com\/index.php\/wp-json\/wp\/v2\/product_cat?post=173"},{"taxonomy":"product_tag","embeddable":true,"href":"https:\/\/tiendaultramarina.com\/index.php\/wp-json\/wp\/v2\/product_tag?post=173"}],"curies":[{"name":"wp","href":"https:\/\/api.w.org\/{rel}","templated":true}]}}