{"id":178,"date":"2025-05-13T16:10:13","date_gmt":"2025-05-13T16:10:13","guid":{"rendered":"https:\/\/tiendaultramarina.com\/?post_type=product&#038;p=178"},"modified":"2025-05-13T16:10:13","modified_gmt":"2025-05-13T16:10:13","slug":"cancionero-patricio-contreras-navarrete","status":"publish","type":"product","link":"https:\/\/tiendaultramarina.com\/index.php\/producto\/cancionero-patricio-contreras-navarrete\/","title":{"rendered":"Cancionero &#8211; Patricio Contreras Navarrete"},"content":{"rendered":"","protected":false},"excerpt":{"rendered":"<p><span data-sheets-root=\"1\">Cancionero de Patricio Contreras Navarrete es un homenaje a la m\u00fasica, pero al mismo tiempo a las calles de Valpara\u00edso y Santiago de Chile. Es decir, es la m\u00fasica que va encontrando en el asfalto, dando as\u00ed una continuidad a la propuesta po\u00e9tica de sus primeros libros. Transitamos por Av. Pedro Montt, Av. 10 de Julio o Puente Alto, pero tambi\u00e9n por el imaginario del territorio, que en este caso es Chile: sus personajes y su historia narrados a trav\u00e9s de la poes\u00eda y las canciones que se cantan en los bares. Sin embargo, el amor aparece de manera constante y va uni\u00e9ndose a dichos imaginarios, aunque la palabra se distancia de la individual para rescatar la experiencia colectiva: \u201cMe contradigo: el amor \/ no tiene por qu\u00e9 ser \/ un acto de rebeld\u00eda \/ tambi\u00e9n la seguridad \/ la compa\u00f1\u00eda diaria \/ la certeza \/ de que habr\u00e1 alguien a tu lado \/ sin pedir nada a cambio\u201d.<\/p>\n<p>Gian Pierre Codarlupo<\/span><\/p>\n","protected":false},"featured_media":179,"comment_status":"open","ping_status":"closed","template":"","meta":[],"product_brand":[],"product_cat":[21],"product_tag":[],"class_list":{"0":"post-178","1":"product","2":"type-product","3":"status-publish","4":"has-post-thumbnail","6":"product_cat-poesia-ultramarina","8":"first","9":"instock","10":"shipping-taxable","11":"purchasable","12":"product-type-simple"},"_links":{"self":[{"href":"https:\/\/tiendaultramarina.com\/index.php\/wp-json\/wp\/v2\/product\/178","targetHints":{"allow":["GET"]}}],"collection":[{"href":"https:\/\/tiendaultramarina.com\/index.php\/wp-json\/wp\/v2\/product"}],"about":[{"href":"https:\/\/tiendaultramarina.com\/index.php\/wp-json\/wp\/v2\/types\/product"}],"replies":[{"embeddable":true,"href":"https:\/\/tiendaultramarina.com\/index.php\/wp-json\/wp\/v2\/comments?post=178"}],"wp:featuredmedia":[{"embeddable":true,"href":"https:\/\/tiendaultramarina.com\/index.php\/wp-json\/wp\/v2\/media\/179"}],"wp:attachment":[{"href":"https:\/\/tiendaultramarina.com\/index.php\/wp-json\/wp\/v2\/media?parent=178"}],"wp:term":[{"taxonomy":"product_brand","embeddable":true,"href":"https:\/\/tiendaultramarina.com\/index.php\/wp-json\/wp\/v2\/product_brand?post=178"},{"taxonomy":"product_cat","embeddable":true,"href":"https:\/\/tiendaultramarina.com\/index.php\/wp-json\/wp\/v2\/product_cat?post=178"},{"taxonomy":"product_tag","embeddable":true,"href":"https:\/\/tiendaultramarina.com\/index.php\/wp-json\/wp\/v2\/product_tag?post=178"}],"curies":[{"name":"wp","href":"https:\/\/api.w.org\/{rel}","templated":true}]}}