{"id":180,"date":"2025-05-13T16:14:52","date_gmt":"2025-05-13T16:14:52","guid":{"rendered":"https:\/\/tiendaultramarina.com\/?post_type=product&#038;p=180"},"modified":"2025-08-30T22:35:55","modified_gmt":"2025-08-30T22:35:55","slug":"contra-aurora-revolver-las-espigas-y-la-espigadora-aurora-baez-boza","status":"publish","type":"product","link":"https:\/\/tiendaultramarina.com\/index.php\/producto\/contra-aurora-revolver-las-espigas-y-la-espigadora-aurora-baez-boza\/","title":{"rendered":"Contra Aurora Rev\u00f3lver \/ Las espigas y la espigadora &#8211; Aurora B\u00e1ez Boza"},"content":{"rendered":"","protected":false},"excerpt":{"rendered":"<p><span data-sheets-root=\"1\">\u00bfDe cu\u00e1ntas identidades est\u00e1 hecha la m\u00e1scara de ser persona? \u00bfDe cu\u00e1ntos fragmentos de espejo la poes\u00eda? Contra Aurora Rev\u00f3lver y Las espigas y la espigadora, son dos libros como dos ventanas a una misma sensibilidad rabiosa que en un proceso dial\u00f3gico de \u201cdecreaci\u00f3n\u201d se habla a s\u00ed misma, se destruye y a la vez se salva, dos obras que con una inconfundible voz nos obsequia Aurora B\u00e1ez Boza (Huelva, 1996), sobrina de Manoli, hija de Aurora y nieta de Aurora. Algunas noches, sobre todo cuando tiene miedo, habla con Gloria Fuertes (a veces hasta le responde). As\u00ed se describe ella, pero Aurora es editora, periodista, comadrita infinita y sobre todas las cosas, ella es la carne de la que est\u00e1 hecha la poes\u00eda, quienes la han le\u00eddo, lo saben.<\/p>\n<p>Dra. Sof\u00eda S\u00e1nchez<br \/>\nSevilla, 2025 <\/span><\/p>\n","protected":false},"featured_media":181,"comment_status":"open","ping_status":"closed","template":"","meta":[],"product_brand":[],"product_cat":[20],"product_tag":[],"class_list":{"0":"post-180","1":"product","2":"type-product","3":"status-publish","4":"has-post-thumbnail","6":"product_cat-saltamontes","8":"first","9":"instock","10":"shipping-taxable","11":"purchasable","12":"product-type-simple"},"_links":{"self":[{"href":"https:\/\/tiendaultramarina.com\/index.php\/wp-json\/wp\/v2\/product\/180","targetHints":{"allow":["GET"]}}],"collection":[{"href":"https:\/\/tiendaultramarina.com\/index.php\/wp-json\/wp\/v2\/product"}],"about":[{"href":"https:\/\/tiendaultramarina.com\/index.php\/wp-json\/wp\/v2\/types\/product"}],"replies":[{"embeddable":true,"href":"https:\/\/tiendaultramarina.com\/index.php\/wp-json\/wp\/v2\/comments?post=180"}],"wp:featuredmedia":[{"embeddable":true,"href":"https:\/\/tiendaultramarina.com\/index.php\/wp-json\/wp\/v2\/media\/181"}],"wp:attachment":[{"href":"https:\/\/tiendaultramarina.com\/index.php\/wp-json\/wp\/v2\/media?parent=180"}],"wp:term":[{"taxonomy":"product_brand","embeddable":true,"href":"https:\/\/tiendaultramarina.com\/index.php\/wp-json\/wp\/v2\/product_brand?post=180"},{"taxonomy":"product_cat","embeddable":true,"href":"https:\/\/tiendaultramarina.com\/index.php\/wp-json\/wp\/v2\/product_cat?post=180"},{"taxonomy":"product_tag","embeddable":true,"href":"https:\/\/tiendaultramarina.com\/index.php\/wp-json\/wp\/v2\/product_tag?post=180"}],"curies":[{"name":"wp","href":"https:\/\/api.w.org\/{rel}","templated":true}]}}