{"id":202,"date":"2025-08-21T16:59:51","date_gmt":"2025-08-21T16:59:51","guid":{"rendered":"https:\/\/tiendaultramarina.com\/?post_type=product&#038;p=202"},"modified":"2025-08-21T17:08:29","modified_gmt":"2025-08-21T17:08:29","slug":"la-dicha-de-los-dinamiteros-leoncio-bueno","status":"publish","type":"product","link":"https:\/\/tiendaultramarina.com\/index.php\/producto\/la-dicha-de-los-dinamiteros-leoncio-bueno\/","title":{"rendered":"La dicha de los dinamiteros, Antolog\u00eda (1966-2014) &#8211; Leoncio Bueno. Edici\u00f3n y selecci\u00f3n Gian Pierre Codarlupo"},"content":{"rendered":"","protected":false},"excerpt":{"rendered":"<div class=\"page\" title=\"Page 1\">\n<div class=\"section\">\n<div class=\"layoutArea\">\n<div class=\"column\">\n<p>Quiza\u0301 Leoncio Bueno sea, a sus ciento cinco an\u0303os, el poeta ma\u0301s longevo del planeta. La ane\u0301cdota, no obstante, remarca su inusual vitalidad y se sustenta donde importa, en los versos. El autor de <em>Invasio\u0301n poderosa<\/em> es un poeta de estirpe <em>whitmaniana<\/em>, que edifica y expresa una voz que da fe de un mundo inmemorial y siempre nuevo: el de los pronto olvidados o apenas perceptibles; una voz que canta a los que se trasladan del campo a la ciudad o de un continente a otro.<\/p>\n<p>En el laberinto de la peruanidad Leoncio Bueno representa un momento en el que el emblema de lo popular era todavi\u0301a lo costen\u0303o mulato criollo y su irrupcio\u0301n prodigiosa y sabrosa en los sesenta constituyo\u0301 una afrenta para quienes teni\u0301an au\u0301n dificultad en reconocerse como occidentales perife\u0301ricos. Mas la obra de Leoncio Bueno persiste a trave\u0301s de las de\u0301cadas como una poesi\u0301a comprometida con la palabra, con la justicia y con la vida.<\/p>\n<p>De manera clandestina o secreta, la influencia de Leoncio Bueno se intuye en las letras del idioma a trave\u0301s de lo que luego seri\u0301a la contracultura: las actividades y la actitud de grupos como Hora Zero o los Infrarrealistas. Asi\u0301, los lectores de los perros roma\u0301nticos se sorprendera\u0301n al descubrir entre estas li\u0301neas a uno de aquellos detectives salvajes que supo escudrin\u0303ar todos los rincones de las palabras y las calles. Si\u0301, pues, en estas pa\u0301ginas respira y ruge un leo\u0301n: el ma\u0301s viejo y el ma\u0301s sabio de todos.<\/p>\n<\/div>\n<\/div>\n<div class=\"layoutArea\">\n<div class=\"column\">\n<p>Mart\u00edn Rodr\u00edguez\u2013Gaon<\/p>\n<\/div>\n<\/div>\n<\/div>\n<\/div>\n","protected":false},"featured_media":203,"comment_status":"open","ping_status":"closed","template":"","meta":[],"product_brand":[],"product_cat":[21],"product_tag":[26,27],"class_list":{"0":"post-202","1":"product","2":"type-product","3":"status-publish","4":"has-post-thumbnail","6":"product_cat-poesia-ultramarina","7":"product_tag-leoncio-bueno","8":"product_tag-poesia-peruana","10":"first","11":"instock","12":"shipping-taxable","13":"purchasable","14":"product-type-simple"},"_links":{"self":[{"href":"https:\/\/tiendaultramarina.com\/index.php\/wp-json\/wp\/v2\/product\/202","targetHints":{"allow":["GET"]}}],"collection":[{"href":"https:\/\/tiendaultramarina.com\/index.php\/wp-json\/wp\/v2\/product"}],"about":[{"href":"https:\/\/tiendaultramarina.com\/index.php\/wp-json\/wp\/v2\/types\/product"}],"replies":[{"embeddable":true,"href":"https:\/\/tiendaultramarina.com\/index.php\/wp-json\/wp\/v2\/comments?post=202"}],"wp:featuredmedia":[{"embeddable":true,"href":"https:\/\/tiendaultramarina.com\/index.php\/wp-json\/wp\/v2\/media\/203"}],"wp:attachment":[{"href":"https:\/\/tiendaultramarina.com\/index.php\/wp-json\/wp\/v2\/media?parent=202"}],"wp:term":[{"taxonomy":"product_brand","embeddable":true,"href":"https:\/\/tiendaultramarina.com\/index.php\/wp-json\/wp\/v2\/product_brand?post=202"},{"taxonomy":"product_cat","embeddable":true,"href":"https:\/\/tiendaultramarina.com\/index.php\/wp-json\/wp\/v2\/product_cat?post=202"},{"taxonomy":"product_tag","embeddable":true,"href":"https:\/\/tiendaultramarina.com\/index.php\/wp-json\/wp\/v2\/product_tag?post=202"}],"curies":[{"name":"wp","href":"https:\/\/api.w.org\/{rel}","templated":true}]}}