{"id":219,"date":"2025-10-07T02:38:08","date_gmt":"2025-10-07T02:38:08","guid":{"rendered":"https:\/\/tiendaultramarina.com\/?post_type=product&#038;p=219"},"modified":"2025-10-07T02:38:08","modified_gmt":"2025-10-07T02:38:08","slug":"desde-los-altos-de-jackson-colectivo-poetas-en-ny","status":"publish","type":"product","link":"https:\/\/tiendaultramarina.com\/index.php\/producto\/desde-los-altos-de-jackson-colectivo-poetas-en-ny\/","title":{"rendered":"Desde los altos de Jackson. Colectivo Poetas en NY"},"content":{"rendered":"","protected":false},"excerpt":{"rendered":"<p>Desde los Altos de Jackson es la antolog\u00eda del Colectivo Poetas en Nueva York, compilada por Nicol\u00e1s Linares. El volumen entrelaza memoria y poes\u00eda: abre con \u201cAs\u00ed va el cuento\u201d (Linares) y se completa con cr\u00f3nicas y testimonios como \u201cMemoria de una fusi\u00f3n at\u00f3mica en Nueva York\u201d (\u00c1ngela P\u00e9rez-Villa), \u201cDiez momentos\u201d (Luis Henao Uribe) y \u201cUna cr\u00f3nica en construcci\u00f3n\u201d (Diego Rivelino). El relato sit\u00faa la semilla del colectivo en espacios como Umbrella House y el Nuyorican Poets Caf\u00e9, y evoca festivales y maratones de poes\u00eda que articularon comunidad migrante en la ciudad. A esa memoria se suman los poemas de Nicol\u00e1s Linares, Luis Hincapi\u00e9, Eslin Morris, Carlos Manuel Rivera, Gabriel Jaime Caro (Gajaka), Margarita Drago, Juana M. Ramos, Dharma Padr\u00f3n, Iv\u00e1n Hincapi\u00e9, Yrene Santos, Diego Rivelino, Gonzalo Paredes, Andrea Tierra, Christian Cuartas Morales, C\u00e9sar Eduardo, Guido Ernesto Cabrerizo Barrientos, Sandra Torres y Nicole Cecilia Delgado. Con fotograf\u00edas de Diana Bejarano, el libro recoge una experiencia po\u00e9tica y comunitaria nacida en Jackson Heights y expandida por Nueva York.<br \/>\nUna ciudad, muchos acentos. Desde los Altos de Jackson cuenta, con memoria y poemas, la historia viva del Colectivo Poetas en Nueva York: noches en Umbrella House, el pulso del Nuyorican Poets Caf\u00e9, festivales y maratones que hicieron barrio. La compilaci\u00f3n de Nicol\u00e1s Linares re\u00fane voces que migran y arraigan \u2014Linares, Hincapi\u00e9, Morris, Rivera, Gajaka, Drago, Ramos, Padr\u00f3n, Tierra, Delgado y m\u00e1s\u2014 acompa\u00f1adas por las fotograf\u00edas de Diana Bejarano. Un libro tejido desde identidades y fronteras en movimiento, donde la poes\u00eda vuelve comunidad.<\/p>\n","protected":false},"featured_media":220,"comment_status":"open","ping_status":"closed","template":"","meta":[],"product_brand":[],"product_cat":[21],"product_tag":[],"class_list":{"0":"post-219","1":"product","2":"type-product","3":"status-publish","4":"has-post-thumbnail","6":"product_cat-poesia-ultramarina","8":"first","9":"instock","10":"shipping-taxable","11":"purchasable","12":"product-type-simple"},"_links":{"self":[{"href":"https:\/\/tiendaultramarina.com\/index.php\/wp-json\/wp\/v2\/product\/219","targetHints":{"allow":["GET"]}}],"collection":[{"href":"https:\/\/tiendaultramarina.com\/index.php\/wp-json\/wp\/v2\/product"}],"about":[{"href":"https:\/\/tiendaultramarina.com\/index.php\/wp-json\/wp\/v2\/types\/product"}],"replies":[{"embeddable":true,"href":"https:\/\/tiendaultramarina.com\/index.php\/wp-json\/wp\/v2\/comments?post=219"}],"wp:featuredmedia":[{"embeddable":true,"href":"https:\/\/tiendaultramarina.com\/index.php\/wp-json\/wp\/v2\/media\/220"}],"wp:attachment":[{"href":"https:\/\/tiendaultramarina.com\/index.php\/wp-json\/wp\/v2\/media?parent=219"}],"wp:term":[{"taxonomy":"product_brand","embeddable":true,"href":"https:\/\/tiendaultramarina.com\/index.php\/wp-json\/wp\/v2\/product_brand?post=219"},{"taxonomy":"product_cat","embeddable":true,"href":"https:\/\/tiendaultramarina.com\/index.php\/wp-json\/wp\/v2\/product_cat?post=219"},{"taxonomy":"product_tag","embeddable":true,"href":"https:\/\/tiendaultramarina.com\/index.php\/wp-json\/wp\/v2\/product_tag?post=219"}],"curies":[{"name":"wp","href":"https:\/\/api.w.org\/{rel}","templated":true}]}}