{"id":221,"date":"2025-10-07T02:42:07","date_gmt":"2025-10-07T02:42:07","guid":{"rendered":"https:\/\/tiendaultramarina.com\/?post_type=product&#038;p=221"},"modified":"2025-10-07T02:42:07","modified_gmt":"2025-10-07T02:42:07","slug":"hojas-secas-daniel-gutierrez","status":"publish","type":"product","link":"https:\/\/tiendaultramarina.com\/index.php\/producto\/hojas-secas-daniel-gutierrez\/","title":{"rendered":"Hojas secas &#8211; Daniel Guti\u00e9rrez"},"content":{"rendered":"","protected":false},"excerpt":{"rendered":"<p>Somos creadores, eso somos, \u00bfs\u00ed o no? Y, como creadores, no nos gusta que nos encasillen, que nos metan en una caja con una etiqueta y digan: \u00abt\u00fa eres esto y nada m\u00e1s\u00bb. No nos gusta que nos aten las manos y nos digan: \u00abt\u00fa no puedes hacer sushi porque tocas la guitarra\u00bb o \u00abno puedes pintar, t\u00fa eres pianista\u00bb y as\u00ed eternamente. Y \u00bfpor qu\u00e9 no puedo ser carpintero al mismo tiempo que baterista? \u00bfo ser escritor al mismo tiempo que rockero?<\/p>\n<p>Imagino que algunos de estos poemas podr\u00edan haber sido una canci\u00f3n, pero no encontraron su melod\u00eda o ni siquiera la buscaron, porque como creadores podemos hacer lo que nos d\u00e9 la gana (sin herir a nadie, por supuesto). Y si Daniel escribi\u00f3 un libro de poemas,, yo lo aplaudo. En ellos hay amor, hay deseo, hay cuestionamientos, im\u00e1genes y rabia.<\/p>\n<p>Joselo Rangel<\/p>\n","protected":false},"featured_media":222,"comment_status":"open","ping_status":"closed","template":"","meta":[],"product_brand":[],"product_cat":[15],"product_tag":[],"class_list":{"0":"post-221","1":"product","2":"type-product","3":"status-publish","4":"has-post-thumbnail","6":"product_cat-sin-categorizar","8":"first","9":"instock","10":"shipping-taxable","11":"purchasable","12":"product-type-simple"},"_links":{"self":[{"href":"https:\/\/tiendaultramarina.com\/index.php\/wp-json\/wp\/v2\/product\/221","targetHints":{"allow":["GET"]}}],"collection":[{"href":"https:\/\/tiendaultramarina.com\/index.php\/wp-json\/wp\/v2\/product"}],"about":[{"href":"https:\/\/tiendaultramarina.com\/index.php\/wp-json\/wp\/v2\/types\/product"}],"replies":[{"embeddable":true,"href":"https:\/\/tiendaultramarina.com\/index.php\/wp-json\/wp\/v2\/comments?post=221"}],"wp:featuredmedia":[{"embeddable":true,"href":"https:\/\/tiendaultramarina.com\/index.php\/wp-json\/wp\/v2\/media\/222"}],"wp:attachment":[{"href":"https:\/\/tiendaultramarina.com\/index.php\/wp-json\/wp\/v2\/media?parent=221"}],"wp:term":[{"taxonomy":"product_brand","embeddable":true,"href":"https:\/\/tiendaultramarina.com\/index.php\/wp-json\/wp\/v2\/product_brand?post=221"},{"taxonomy":"product_cat","embeddable":true,"href":"https:\/\/tiendaultramarina.com\/index.php\/wp-json\/wp\/v2\/product_cat?post=221"},{"taxonomy":"product_tag","embeddable":true,"href":"https:\/\/tiendaultramarina.com\/index.php\/wp-json\/wp\/v2\/product_tag?post=221"}],"curies":[{"name":"wp","href":"https:\/\/api.w.org\/{rel}","templated":true}]}}