{"id":223,"date":"2025-10-07T12:50:12","date_gmt":"2025-10-07T12:50:12","guid":{"rendered":"https:\/\/tiendaultramarina.com\/?post_type=product&#038;p=223"},"modified":"2025-10-07T12:50:12","modified_gmt":"2025-10-07T12:50:12","slug":"bisontes-de-luz-sofia-sanchez","status":"publish","type":"product","link":"https:\/\/tiendaultramarina.com\/index.php\/producto\/bisontes-de-luz-sofia-sanchez\/","title":{"rendered":"Bisontes de luz &#8211; Sof\u00eda S\u00e1nchez"},"content":{"rendered":"","protected":false},"excerpt":{"rendered":"<p>\u00abHay un tambor al fondo de este libro. Hay grutas rupestres preexistiendo en cada uno de nosotros. Hay un imaginario de sombras y siluetas proyectadas por un fuego cavernario desde el que t\u00fa nos hablas. Mi violencia es lava de volc\u00e1n dormido y en eterna resurrecci\u00f3n. Pienso en Plat\u00f3n mientras me arrastro, como cada d\u00eda, en la caverna, hoy al ritmo de tu tamtam irresistible que todo lo llena. Por tus palabras, hacia una luz m\u00eda. Todo es una preparaci\u00f3n para la muerte, hasta sentarse al fuego de la tribu y contemplar, hacia dentro y en silencio, las marcas de los ancestros en nosotros.\u00bb<\/p>\n<p>Julio Moya<\/p>\n","protected":false},"featured_media":224,"comment_status":"open","ping_status":"closed","template":"","meta":[],"product_brand":[],"product_cat":[16],"product_tag":[],"class_list":{"0":"post-223","1":"product","2":"type-product","3":"status-publish","4":"has-post-thumbnail","6":"product_cat-mexico-ultramarino","8":"first","9":"instock","10":"shipping-taxable","11":"purchasable","12":"product-type-simple"},"_links":{"self":[{"href":"https:\/\/tiendaultramarina.com\/index.php\/wp-json\/wp\/v2\/product\/223","targetHints":{"allow":["GET"]}}],"collection":[{"href":"https:\/\/tiendaultramarina.com\/index.php\/wp-json\/wp\/v2\/product"}],"about":[{"href":"https:\/\/tiendaultramarina.com\/index.php\/wp-json\/wp\/v2\/types\/product"}],"replies":[{"embeddable":true,"href":"https:\/\/tiendaultramarina.com\/index.php\/wp-json\/wp\/v2\/comments?post=223"}],"wp:featuredmedia":[{"embeddable":true,"href":"https:\/\/tiendaultramarina.com\/index.php\/wp-json\/wp\/v2\/media\/224"}],"wp:attachment":[{"href":"https:\/\/tiendaultramarina.com\/index.php\/wp-json\/wp\/v2\/media?parent=223"}],"wp:term":[{"taxonomy":"product_brand","embeddable":true,"href":"https:\/\/tiendaultramarina.com\/index.php\/wp-json\/wp\/v2\/product_brand?post=223"},{"taxonomy":"product_cat","embeddable":true,"href":"https:\/\/tiendaultramarina.com\/index.php\/wp-json\/wp\/v2\/product_cat?post=223"},{"taxonomy":"product_tag","embeddable":true,"href":"https:\/\/tiendaultramarina.com\/index.php\/wp-json\/wp\/v2\/product_tag?post=223"}],"curies":[{"name":"wp","href":"https:\/\/api.w.org\/{rel}","templated":true}]}}