{"id":251,"date":"2026-01-15T13:03:12","date_gmt":"2026-01-15T13:03:12","guid":{"rendered":"https:\/\/tiendaultramarina.com\/?post_type=product&#038;p=251"},"modified":"2026-01-15T13:04:07","modified_gmt":"2026-01-15T13:04:07","slug":"bazar-de-estados-fallidos-karim-hauser","status":"publish","type":"product","link":"https:\/\/tiendaultramarina.com\/index.php\/producto\/bazar-de-estados-fallidos-karim-hauser\/","title":{"rendered":"Bazar de estados fallidos &#8211; Karim Hauser"},"content":{"rendered":"","protected":false},"excerpt":{"rendered":"<p>Cada poema es una esquirla, una pieza suelta del ajedrez de la humanidad. La estructura del bazar se despliega como una espiral que mezcla el viaje personal con los desastres colectivos. No intente entenderlo, \u00a1no quiera entenderlo! Hay secuencias que arden como Gaza y otras que respiran como Lisboa. Observe las palabras c\u00f3mo estallan como palomitas en microondas, pero tambi\u00e9n acarician con ternura antigua, con la suavidad de una kufiya o de un clavel comprado en<br \/>\nel metro.<\/p>\n<p>Aqu\u00ed ver\u00e1n flotar las palabras como si fueran restos de naufragio. Algunas r\u00eden, otras llevan cosida su queja con hilo de oro. El duelo por las ciudades perdidas, por las lenguas olvidadas, por los hijos sin patria y los padres sin cuerpo. Cada secci\u00f3n es una tienda distinta del bazar: est\u00e1 el rinc\u00f3n del absurdo burocr\u00e1tico global, la carpa de los guerreros desgastados, la trastienda de la memoria donde se convierten los recuerdos en conjuros, y el puesto de los poetas errantes, donde Whitman y Sor Juana beben del mismo vino mientras Ginsberg se l\u00eda un porro entre las jaimas.<\/p>\n<p>ANTONIO R\u00d3MAR<\/p>\n","protected":false},"featured_media":252,"comment_status":"open","ping_status":"closed","template":"","meta":[],"product_brand":[],"product_cat":[16],"product_tag":[18],"class_list":{"0":"post-251","1":"product","2":"type-product","3":"status-publish","4":"has-post-thumbnail","6":"product_cat-mexico-ultramarino","7":"product_tag-poesia-mexico","9":"first","10":"instock","11":"shipping-taxable","12":"purchasable","13":"product-type-simple"},"_links":{"self":[{"href":"https:\/\/tiendaultramarina.com\/index.php\/wp-json\/wp\/v2\/product\/251","targetHints":{"allow":["GET"]}}],"collection":[{"href":"https:\/\/tiendaultramarina.com\/index.php\/wp-json\/wp\/v2\/product"}],"about":[{"href":"https:\/\/tiendaultramarina.com\/index.php\/wp-json\/wp\/v2\/types\/product"}],"replies":[{"embeddable":true,"href":"https:\/\/tiendaultramarina.com\/index.php\/wp-json\/wp\/v2\/comments?post=251"}],"wp:featuredmedia":[{"embeddable":true,"href":"https:\/\/tiendaultramarina.com\/index.php\/wp-json\/wp\/v2\/media\/252"}],"wp:attachment":[{"href":"https:\/\/tiendaultramarina.com\/index.php\/wp-json\/wp\/v2\/media?parent=251"}],"wp:term":[{"taxonomy":"product_brand","embeddable":true,"href":"https:\/\/tiendaultramarina.com\/index.php\/wp-json\/wp\/v2\/product_brand?post=251"},{"taxonomy":"product_cat","embeddable":true,"href":"https:\/\/tiendaultramarina.com\/index.php\/wp-json\/wp\/v2\/product_cat?post=251"},{"taxonomy":"product_tag","embeddable":true,"href":"https:\/\/tiendaultramarina.com\/index.php\/wp-json\/wp\/v2\/product_tag?post=251"}],"curies":[{"name":"wp","href":"https:\/\/api.w.org\/{rel}","templated":true}]}}