{"id":253,"date":"2026-01-15T14:13:18","date_gmt":"2026-01-15T14:13:18","guid":{"rendered":"https:\/\/tiendaultramarina.com\/?post_type=product&#038;p=253"},"modified":"2026-01-15T14:13:18","modified_gmt":"2026-01-15T14:13:18","slug":"los-acrobatas-rafael-sanchez-montojo","status":"publish","type":"product","link":"https:\/\/tiendaultramarina.com\/index.php\/producto\/los-acrobatas-rafael-sanchez-montojo\/","title":{"rendered":"Los acr\u00f3batas &#8211; Rafael S\u00e1nchez Montojo"},"content":{"rendered":"","protected":false},"excerpt":{"rendered":"<p>He le\u00eddo unas cuantas veces Los acr\u00f3batas para escribir este pr\u00f3logo. He pensado que cada nueva revisi\u00f3n me ayudar\u00eda a encontrar nuevos sentidos. Que me permitir\u00eda dar con las palabras elementales. No s\u00e9, sin embargo, si tengo ahora m\u00e1s certezas o m\u00e1s incertidumbres. Eso s\u00ed, he cre\u00eddo hallar una respuesta, al menos una, quiz\u00e1s muy leve, pero respuesta, al fin y al cabo, en un verso que insiste en present\u00e1rseme desde que cay\u00f3 en mis manos el poemario de Rafael S\u00e1nchez Montojo: \u00aby no hay dios que nos pare el eterno retorno\u00bb. Qu\u00e9 duda cabe de que el veredicto no es para nada alentador, como no lo fue para Zaratustra cuando se desmay\u00f3 al enfrentar esta idea con toda su magnitud. Aceptar el tiempo como un ur\u00f3boros o como el recorrido sobre una cinta de Moebius implica una repetici\u00f3n sin fin. Y eso no conforta demasiado o, mejor dicho, no es, en absoluto, estimulante. Por mucho que Bill Murray encontrara la motivaci\u00f3n de vivir siempre el mismo d\u00eda, yo nunca pens\u00e9 que valiera la pena pasarse la eternidad ayudando a los ancianos de Punxsutawney a cruzar la calle. Aunque, pens\u00e1ndolo bien, es probable que en esa sensaci\u00f3n de eterno retorno radique la clave de un poemario como Los acr\u00f3batas, pues habitar un mismo hecho de forma recurrente tambi\u00e9n permite (y esta es una idea de Nietzsche) afirmar intensamente cada instante. Es decir, adquirir consciencia de la percepci\u00f3n. De lo que se trata no es de dar por hecho que el mundo est\u00e1 ah\u00ed, naturalmente ah\u00ed, sino de suspender esa actitud para poder atenderlo como fen\u00f3meno.<br \/>\nRa\u00fal Molina Gil<\/p>\n","protected":false},"featured_media":254,"comment_status":"open","ping_status":"closed","template":"","meta":[],"product_brand":[],"product_cat":[21],"product_tag":[28],"class_list":{"0":"post-253","1":"product","2":"type-product","3":"status-publish","4":"has-post-thumbnail","6":"product_cat-poesia-ultramarina","7":"product_tag-poesia","9":"first","10":"instock","11":"shipping-taxable","12":"purchasable","13":"product-type-simple"},"_links":{"self":[{"href":"https:\/\/tiendaultramarina.com\/index.php\/wp-json\/wp\/v2\/product\/253","targetHints":{"allow":["GET"]}}],"collection":[{"href":"https:\/\/tiendaultramarina.com\/index.php\/wp-json\/wp\/v2\/product"}],"about":[{"href":"https:\/\/tiendaultramarina.com\/index.php\/wp-json\/wp\/v2\/types\/product"}],"replies":[{"embeddable":true,"href":"https:\/\/tiendaultramarina.com\/index.php\/wp-json\/wp\/v2\/comments?post=253"}],"wp:featuredmedia":[{"embeddable":true,"href":"https:\/\/tiendaultramarina.com\/index.php\/wp-json\/wp\/v2\/media\/254"}],"wp:attachment":[{"href":"https:\/\/tiendaultramarina.com\/index.php\/wp-json\/wp\/v2\/media?parent=253"}],"wp:term":[{"taxonomy":"product_brand","embeddable":true,"href":"https:\/\/tiendaultramarina.com\/index.php\/wp-json\/wp\/v2\/product_brand?post=253"},{"taxonomy":"product_cat","embeddable":true,"href":"https:\/\/tiendaultramarina.com\/index.php\/wp-json\/wp\/v2\/product_cat?post=253"},{"taxonomy":"product_tag","embeddable":true,"href":"https:\/\/tiendaultramarina.com\/index.php\/wp-json\/wp\/v2\/product_tag?post=253"}],"curies":[{"name":"wp","href":"https:\/\/api.w.org\/{rel}","templated":true}]}}