{"id":97,"date":"2024-11-18T13:03:46","date_gmt":"2024-11-18T13:03:46","guid":{"rendered":"https:\/\/tiendaultramarina.com\/?post_type=product&#038;p=97"},"modified":"2025-07-08T18:03:27","modified_gmt":"2025-07-08T18:03:27","slug":"la-cautiva-de-paola-cantero","status":"publish","type":"product","link":"https:\/\/tiendaultramarina.com\/index.php\/producto\/la-cautiva-de-paola-cantero\/","title":{"rendered":"La cautiva de Paola Cantero"},"content":{"rendered":"<p><span data-sheets-root=\"1\">Paola Cantero (Chile). Es profesora de Lenguaje y Comunicaciones. Mag\u00edster en Literatura Latinoamericana. Ha fundado instituciones culturales y medios de comunicaci\u00f3n. Es Docente en la Universidad Metropolitana de Ciencias de la Educaci\u00f3n. Escribe cuentos, cr\u00f3nica y cr\u00edtica cultural. Realiza investigaci\u00f3n en po\u00e9ticas del sur de Chile, poes\u00eda mapuche y escritura de mujeres. Ha obtenido el nombramiento de Embajadora Cultural en EXPO MIL\u00c1N. 2015. Italia. Premio Nacional FOCOA. 2014 y 2019. Beca escritores Fondo del Libro.2014 y 2016 y Premio Manuel Rojas. 2013. Ha publicado La Infiltrada, Peque\u00f1o Dios.2016. Andesgraund. 2021.Santiago. Los Lagos\/ Imaginario, Sur Etnika. 2016. Santiago, Rahue\/Imaginario Sur, Etnika. 2015. Santiago. Exploraciones de la \u00daltima Iluminada, ULA. 2010.Osorno. Que las Flores Tengan Labios, ULA. 1997. Osorno. Sus textos han sido publicados en las antolog\u00edas Felices Escrituras, Casa de Barro, 2022, San Felipe. Elogio del Bar, Etnika, 2014, Santiago. El Amor de Chile, Expo Mil\u00e1n, Italia. Historias de Nuestra Tierra, 2014, 2019, Santiago. Nomad\u00edas, Antolog\u00eda de Mujeres, UCH.<br \/>\n2011, Santiago.<\/span><\/p>\n","protected":false},"excerpt":{"rendered":"<p><span data-sheets-root=\"1\">La Cautiva es, en principio, un intento de reedificar el lenguaje del mito y el origen emocional del pensamiento po\u00e9tico. En consecuencia, la praxis de la tierra herida, no permite cerrar una historia de amor surgida por tratos ancestrales entre un mapuche y una mujer colonizante. Es el encuentro de \u201cdos mundos literarios contrapuestos\u201d, es la radicalidad invisible, es la Si\u00f3n b\u00edblica, es Santiago de Chile o la Frontera ind\u00edgena. Los l\u00edmites espaciales contienen la verdad del sentido, son \u00e1reas de avenencia bio y logo c\u00e9ntrica. Es poes\u00eda cultural o antropol\u00f3gica (acaso, valga la redundancia te\u00f3rica).<\/span><\/p>\n<p><span data-sheets-root=\"1\">Este libro extraordinario no se completa en el uso del g\u00e9nero l\u00edrico, requiere el prof\u00e9tico, sapiencial, apocal\u00edptico para, anunciar verdades augustas, leyes, poemas y cartas perdidas. Desde el Pentateuco pasando por el viaje de hero\u00ednas migrantes que transmutan el abismo que les embarga, hasta hoy; son siglos de poes\u00eda en esta obra indispensable de Paola Cantero, una autora americana que habla de la historia de la mujer de una forma nunca antes vista.<\/span><\/p>\n","protected":false},"featured_media":98,"comment_status":"open","ping_status":"closed","template":"","meta":[],"product_brand":[],"product_cat":[21],"product_tag":[],"class_list":{"0":"post-97","1":"product","2":"type-product","3":"status-publish","4":"has-post-thumbnail","6":"product_cat-poesia-ultramarina","8":"first","9":"instock","10":"shipping-taxable","11":"purchasable","12":"product-type-simple"},"_links":{"self":[{"href":"https:\/\/tiendaultramarina.com\/index.php\/wp-json\/wp\/v2\/product\/97","targetHints":{"allow":["GET"]}}],"collection":[{"href":"https:\/\/tiendaultramarina.com\/index.php\/wp-json\/wp\/v2\/product"}],"about":[{"href":"https:\/\/tiendaultramarina.com\/index.php\/wp-json\/wp\/v2\/types\/product"}],"replies":[{"embeddable":true,"href":"https:\/\/tiendaultramarina.com\/index.php\/wp-json\/wp\/v2\/comments?post=97"}],"wp:featuredmedia":[{"embeddable":true,"href":"https:\/\/tiendaultramarina.com\/index.php\/wp-json\/wp\/v2\/media\/98"}],"wp:attachment":[{"href":"https:\/\/tiendaultramarina.com\/index.php\/wp-json\/wp\/v2\/media?parent=97"}],"wp:term":[{"taxonomy":"product_brand","embeddable":true,"href":"https:\/\/tiendaultramarina.com\/index.php\/wp-json\/wp\/v2\/product_brand?post=97"},{"taxonomy":"product_cat","embeddable":true,"href":"https:\/\/tiendaultramarina.com\/index.php\/wp-json\/wp\/v2\/product_cat?post=97"},{"taxonomy":"product_tag","embeddable":true,"href":"https:\/\/tiendaultramarina.com\/index.php\/wp-json\/wp\/v2\/product_tag?post=97"}],"curies":[{"name":"wp","href":"https:\/\/api.w.org\/{rel}","templated":true}]}}